{"id":484,"date":"2017-06-27T10:51:46","date_gmt":"2017-06-27T10:51:46","guid":{"rendered":"http:\/\/www.beta.dev\/demo-v2\/"},"modified":"2025-11-11T22:56:45","modified_gmt":"2025-11-11T22:56:45","slug":"homepage-v1","status":"publish","type":"page","link":"https:\/\/envolvefitness.com\/","title":{"rendered":"Homepage v1"},"content":{"rendered":"<div class=\"wpb-content-wrapper\"><p>[vc_row full_width=&#8221;stretch_row&#8221; equal_height=&#8221;yes&#8221; content_placement=&#8221;middle&#8221; css=&#8221;.vc_custom_1548190149442{padding-top: 40px !important;padding-bottom: 75px !important;background-position: center !important;background-repeat: no-repeat !important;background-size: contain !important;}&#8221;][vc_column]<div style=\"margin:0px 0px 20px 0px;\" class=\"special-heading space-x\">\r\n\t\t\t\t\t<h1 class=\"main-heading\" style=\"font-size:20px; font-weight:500; line-height:60px; text-align:center; text-transform:uppercase; color:#d88e74;\">O Nosso Conceito<\/h1>\r\n\t\t\t\t\t\r\n\t\t\t\t\t\r\n\t\t\t\t<\/div><div style=\"margin:0px 0px 20px 0px;\" class=\"special-heading space-x\">\r\n\t\t\t\t\t<h1 class=\"main-heading\" style=\"font-size:45px; font-weight:500; line-height:60px; text-align:center; text-transform:uppercase; color:#d88e74;\">Evolu\u00e7\u00e3o | Confian\u00e7a | For\u00e7a | Feminilidade | Equil\u00edbrio<\/h1>\r\n\t\t\t\t\t\r\n\t\t\t\t\t\r\n\t\t\t\t<\/div>[vc_row_inner css=&#8221;.vc_custom_1761730100645{margin-top: 40px !important;}&#8221;][vc_column_inner width=&#8221;1\/3&#8243;]<div style=\"margin:0px 0px 20px 0px;\" class=\"special-heading space-x\">\r\n\t\t\t\t\t<h1 class=\"main-heading\" style=\"font-size:20px; font-weight:500; line-height:20px; text-align:center; text-transform:uppercase; color:#d88e74;\">01.<\/h1>\r\n\t\t\t\t\t\r\n\t\t\t\t\t\r\n\t\t\t\t<\/div><div style=\"margin:0px 0px 20px 0px;\" class=\"special-heading space-x\">\r\n\t\t\t\t\t<h1 class=\"main-heading\" style=\"font-size:20px; font-weight:500; line-height:20px; text-align:center; text-transform:uppercase; color:#d88e74;\">Corpo e Mente em Harmonia<\/h1>\r\n\t\t\t\t\t\r\n\t\t\t\t\t\r\n\t\t\t\t<\/div><div style=\"margin:0px 0px 0px 0px;\" class=\"special-text\">\r\n\t\t\t\t\t<p style=\"font-size:14px !important; font-weight:400; line-height:33px; text-align:center; color:#636262;\">Acreditamos que treinar vai muito al\u00e9m do f\u00edsico.<br \/>\nNo Envolve, o foco \u00e9 o equil\u00edbrio entre corpo, mente e autoestima, porque sentires-te bem \u00e9 t\u00e3o importante quanto ficares mais forte.<\/p>\r\n\t\t\t\t<\/div>[\/vc_column_inner][vc_column_inner width=&#8221;1\/3&#8243;]<div style=\"margin:0px 0px 20px 0px;\" class=\"special-heading space-x\">\r\n\t\t\t\t\t<h1 class=\"main-heading\" style=\"font-size:20px; font-weight:500; line-height:20px; text-align:center; text-transform:uppercase; color:#d88e74;\">02.<\/h1>\r\n\t\t\t\t\t\r\n\t\t\t\t\t\r\n\t\t\t\t<\/div><div style=\"margin:0px 0px 20px 0px;\" class=\"special-heading space-x\">\r\n\t\t\t\t\t<h1 class=\"main-heading\" style=\"font-size:20px; font-weight:500; line-height:20px; text-align:center; text-transform:uppercase; color:#d88e74;\">Experi\u00eancia Feminina de Treino<\/h1>\r\n\t\t\t\t\t\r\n\t\t\t\t\t\r\n\t\t\t\t<\/div><div style=\"margin:0px 0px 0px 0px;\" class=\"special-text\">\r\n\t\t\t\t\t<p style=\"font-size:14px !important; font-weight:400; line-height:33px; text-align:center; color:#636262;\">Um est\u00fadio pensado por mulheres e para mulheres.<br \/>\nCada detalhe foi criado para proporcionar conforto, privacidade e motiva\u00e7\u00e3o, com equipamentos de excel\u00eancia e acompanhamento pr\u00f3ximo.<\/p>\r\n\t\t\t\t<\/div>[\/vc_column_inner][vc_column_inner width=&#8221;1\/3&#8243;]<div style=\"margin:0px 0px 20px 0px;\" class=\"special-heading space-x\">\r\n\t\t\t\t\t<h1 class=\"main-heading\" style=\"font-size:20px; font-weight:500; line-height:20px; text-align:center; text-transform:uppercase; color:#d88e74;\">03.<\/h1>\r\n\t\t\t\t\t\r\n\t\t\t\t\t\r\n\t\t\t\t<\/div><div style=\"margin:0px 0px 20px 0px;\" class=\"special-heading space-x\">\r\n\t\t\t\t\t<h1 class=\"main-heading\" style=\"font-size:20px; font-weight:500; line-height:20px; text-align:center; text-transform:uppercase; color:#d88e74;\">Comunidade e Inspira\u00e7\u00e3o<\/h1>\r\n\t\t\t\t\t\r\n\t\t\t\t\t\r\n\t\t\t\t<\/div><div style=\"margin:0px 0px 0px 0px;\" class=\"special-text\">\r\n\t\t\t\t\t<p style=\"font-size:14px !important; font-weight:400; line-height:33px; text-align:center; color:#636262;\">No Envolve n\u00e3o treinas sozinha, fazes parte de uma comunidade que te apoia, inspira e celebra cada conquista contigo.<br \/>\nQuando te envolves, a tua melhor vers\u00e3o acontece.<\/p>\r\n\t\t\t\t<\/div>[\/vc_column_inner][\/vc_row_inner][\/vc_column][\/vc_row][vc_row full_width=&#8221;stretch_row&#8221; gap=&#8221;15&#8243; equal_height=&#8221;yes&#8221; css=&#8221;.vc_custom_1761844036478{margin-right: 10px !important;margin-left: 10px !important;padding-top: 70px !important;padding-bottom: 100px !important;background: rgba(37,37,37,0.8) url(http:\/\/envolvefitness.com\/wp-content\/uploads\/2025\/10\/WhatsApp-Image-2025-10-29-at-11.38.50.jpeg?id=4406) !important;background-position: center !important;background-repeat: no-repeat !important;background-size: cover !important;*background-color: rgb(37,37,37) !important;}&#8221; el_id=&#8221;nossos-planos&#8221;][vc_column]<div style=\"margin:0px 0px 30px 0px;\" class=\"special-heading space-x\">\r\n\t\t\t\t\t<h1 class=\"main-heading\" style=\"font-size:45px; font-weight:500; line-height:55px; text-align:center; text-transform:uppercase; color:#d88e74;\">Os nossos planos<\/h1>\r\n\t\t\t\t\t\r\n\t\t\t\t\t\r\n\t\t\t\t<\/div>[\/vc_column][vc_column width=&#8221;1\/4&#8243; css=&#8221;.vc_custom_1761737936468{border-top-width: 3px !important;border-right-width: 3px !important;border-bottom-width: 3px !important;border-left-width: 3px !important;padding-top: 40px !important;padding-right: 30px !important;padding-bottom: 30px !important;padding-left: 30px !important;background-color: rgba(37,37,37,0.8) !important;*background-color: rgb(37,37,37) !important;border-left-color: #d88e74 !important;border-left-style: solid !important;border-right-color: #d88e74 !important;border-right-style: solid !important;border-top-color: #d88e74 !important;border-top-style: solid !important;border-bottom-color: #d88e74 !important;border-bottom-style: solid !important;border-radius: 10px !important;}&#8221;]<div style=\"margin:0px 0px 20px 0px;\" class=\"special-heading space-x\">\r\n\t\t\t\t\t<h1 class=\"main-heading\" style=\"font-size:25px; font-weight:500; line-height:35px; text-align:center; text-transform:uppercase; color:#d88e74;\">INSCRI\u00c7\u00c3O ST\u00daDIO ENVOLVE - LIVRE<\/h1>\r\n\t\t\t\t\t\r\n\t\t\t\t\t\r\n\t\t\t\t<\/div><div style=\"margin:0px 0px 0px 0px;\" class=\"special-text\">\r\n\t\t\t\t\t<p style=\"font-size:14px !important; font-weight:400; line-height:33px; text-align:center; color:rgba(255,255,255,0.8);\">Est\u00e1 \u00e9 a inscri\u00e7\u00e3o para o plano LIVRE por semana do Envolve. Ao realizar esta inscri\u00e7\u00e3o, est\u00e1s a garantir a tua vaga oficial no plano escolhido. O plano LIVRE por semana, no novo est\u00fadio exclusivo para mulheres.<\/p>\r\n\t\t\t\t<\/div><div style=\"margin:0px 0px 40px 0px;\" class=\"special-heading space-x\">\r\n\t\t\t\t\t<h1 class=\"main-heading\" style=\"font-size:20px; font-weight:500; line-height:20px; text-align:center; text-transform:uppercase; color:#d88e74;\">\u20ac60 por m\u00eas<\/h1>\r\n\t\t\t\t\t\r\n\t\t\t\t\t\r\n\t\t\t\t<\/div><div class=\"droplet-btn text-center\">\r\n\t\t\t\t\t<a href=\"https:\/\/buy.stripe.com\/8x28wJ0oL0vn3tZfGJ6c003\" target=\"_blank\" class=\"btn btn-square \" style=\"background-color:#d88e74;color:#fff;border-color:#ffffff;border-radius:10px\">ASSINAR PLANO<\/a>\r\n\t\t\t\t<\/div>[\/vc_column][vc_column width=&#8221;1\/4&#8243; css=&#8221;.vc_custom_1761737340730{border-top-width: 3px !important;border-right-width: 3px !important;border-bottom-width: 3px !important;border-left-width: 3px !important;padding-top: 40px !important;padding-right: 30px !important;padding-bottom: 30px !important;padding-left: 30px !important;background-color: rgba(37,37,37,0.8) !important;*background-color: rgb(37,37,37) !important;border-left-color: #d88e74 !important;border-left-style: solid !important;border-right-color: #d88e74 !important;border-right-style: solid !important;border-top-color: #d88e74 !important;border-top-style: solid !important;border-bottom-color: #d88e74 !important;border-bottom-style: solid !important;border-radius: 10px !important;}&#8221;]<div style=\"margin:0px 0px 20px 0px;\" class=\"special-heading space-x\">\r\n\t\t\t\t\t<h1 class=\"main-heading\" style=\"font-size:25px; font-weight:500; line-height:35px; text-align:center; text-transform:uppercase; color:#d88e74;\">INSCRI\u00c7\u00c3O ST\u00daDIO ENVOLVE - 3X POR SEMANA<\/h1>\r\n\t\t\t\t\t\r\n\t\t\t\t\t\r\n\t\t\t\t<\/div><div style=\"margin:0px 0px 0px 0px;\" class=\"special-text\">\r\n\t\t\t\t\t<p style=\"font-size:14px !important; font-weight:400; line-height:33px; text-align:center; color:#ffffff;\">Est\u00e1 \u00e9 a inscri\u00e7\u00e3o para o plano 3x por semana do Envolve. Ao realizar esta inscri\u00e7\u00e3o, est\u00e1s a garantir a tua vaga oficial no plano escolhido. O plano 3x por semana, no novo est\u00fadio exclusivo para mulheres.<\/p>\r\n\t\t\t\t<\/div><div style=\"margin:0px 0px 40px 0px;\" class=\"special-heading space-x\">\r\n\t\t\t\t\t<h1 class=\"main-heading\" style=\"font-size:20px; font-weight:500; line-height:20px; text-align:center; text-transform:uppercase; color:#d88e74;\">\u20ac55 por m\u00eas<\/h1>\r\n\t\t\t\t\t\r\n\t\t\t\t\t\r\n\t\t\t\t<\/div><div class=\"droplet-btn text-center\">\r\n\t\t\t\t\t<a href=\"https:\/\/buy.stripe.com\/fZu7sF4F1gulc0vfGJ6c002\" target=\"_blank\" class=\"btn btn-square \" style=\"background-color:#d88e74;color:#fff;border-color:#ffffff;border-radius:10px\">ASSINAR PLANO<\/a>\r\n\t\t\t\t<\/div>[\/vc_column][vc_column width=&#8221;1\/4&#8243; css=&#8221;.vc_custom_1761737349071{border-top-width: 3px !important;border-right-width: 3px !important;border-bottom-width: 3px !important;border-left-width: 3px !important;padding-top: 40px !important;padding-right: 30px !important;padding-bottom: 30px !important;padding-left: 30px !important;background-color: rgba(37,37,37,0.8) !important;*background-color: rgb(37,37,37) !important;border-left-color: #d88e74 !important;border-left-style: solid !important;border-right-color: #d88e74 !important;border-right-style: solid !important;border-top-color: #d88e74 !important;border-top-style: solid !important;border-bottom-color: #d88e74 !important;border-bottom-style: solid !important;border-radius: 10px !important;}&#8221;]<div style=\"margin:0px 0px 20px 0px;\" class=\"special-heading space-x\">\r\n\t\t\t\t\t<h1 class=\"main-heading\" style=\"font-size:25px; font-weight:500; line-height:35px; text-align:center; text-transform:uppercase; color:#d88e74;\">INSCRI\u00c7\u00c3O ST\u00daDIO ENVOLVE - 2X POR SEMANA<\/h1>\r\n\t\t\t\t\t\r\n\t\t\t\t\t\r\n\t\t\t\t<\/div><div style=\"margin:0px 0px 0px 0px;\" class=\"special-text\">\r\n\t\t\t\t\t<p style=\"font-size:14px !important; font-weight:400; line-height:33px; text-align:center; color:#ffffff;\">Est\u00e1 \u00e9 a inscri\u00e7\u00e3o para o plano 2x por semana do Envolve. Ao realizar esta inscri\u00e7\u00e3o, est\u00e1s a garantir a tua vaga oficial no plano escolhido. O plano 2x por semana, no novo est\u00fadio exclusivo para mulheres.<\/p>\r\n\t\t\t\t<\/div><div style=\"margin:0px 0px 40px 0px;\" class=\"special-heading space-x\">\r\n\t\t\t\t\t<h1 class=\"main-heading\" style=\"font-size:20px; font-weight:500; line-height:20px; text-align:center; text-transform:uppercase; color:#d88e74;\">\u20ac47 por m\u00eas<\/h1>\r\n\t\t\t\t\t\r\n\t\t\t\t\t\r\n\t\t\t\t<\/div><div class=\"droplet-btn text-center\">\r\n\t\t\t\t\t<a href=\"https:\/\/buy.stripe.com\/fZu8wJ4F1gulfcH7ad6c001\" target=\"_blank\" class=\"btn btn-square \" style=\"background-color:#d88e74;color:#fff;border-color:#ffffff;border-radius:10px\">ASSINAR PLANO<\/a>\r\n\t\t\t\t<\/div>[\/vc_column][vc_column width=&#8221;1\/4&#8243; css=&#8221;.vc_custom_1761737358215{border-top-width: 3px !important;border-right-width: 3px !important;border-bottom-width: 3px !important;border-left-width: 3px !important;padding-top: 40px !important;padding-right: 30px !important;padding-bottom: 30px !important;padding-left: 30px !important;background-color: rgba(37,37,37,0.8) !important;*background-color: rgb(37,37,37) !important;border-left-color: #d88e74 !important;border-left-style: solid !important;border-right-color: #d88e74 !important;border-right-style: solid !important;border-top-color: #d88e74 !important;border-top-style: solid !important;border-bottom-color: #d88e74 !important;border-bottom-style: solid !important;border-radius: 10px !important;}&#8221;]<div style=\"margin:0px 0px 20px 0px;\" class=\"special-heading space-x\">\r\n\t\t\t\t\t<h1 class=\"main-heading\" style=\"font-size:25px; font-weight:500; line-height:35px; text-align:center; text-transform:uppercase; color:#d88e74;\">INSCRI\u00c7\u00c3O ST\u00daDIO ENVOLVE - 1X POR SEMANA<\/h1>\r\n\t\t\t\t\t\r\n\t\t\t\t\t\r\n\t\t\t\t<\/div><div style=\"margin:0px 0px 0px 0px;\" class=\"special-text\">\r\n\t\t\t\t\t<p style=\"font-size:14px !important; font-weight:400; line-height:33px; text-align:center; color:#ffffff;\">Est\u00e1 \u00e9 a inscri\u00e7\u00e3o para o plano 1x por semana do Envolve. Ao realizar esta inscri\u00e7\u00e3o, est\u00e1s a garantir a tua vaga oficial no plano escolhido. O plano 1x por semana, no novo est\u00fadio exclusivo para mulheres.<\/p>\r\n\t\t\t\t<\/div><div style=\"margin:0px 0px 40px 0px;\" class=\"special-heading space-x\">\r\n\t\t\t\t\t<h1 class=\"main-heading\" style=\"font-size:20px; font-weight:500; line-height:20px; text-align:center; text-transform:uppercase; color:#d88e74;\">\u20ac35 por m\u00eas<\/h1>\r\n\t\t\t\t\t\r\n\t\t\t\t\t\r\n\t\t\t\t<\/div><div class=\"droplet-btn text-center\">\r\n\t\t\t\t\t<a href=\"https:\/\/buy.stripe.com\/4gM8wJgnJ1zrfcHgKN6c004\" target=\"_blank\" class=\"btn btn-square \" style=\"background-color:#d88e74;color:#fff;border-color:#ffffff;border-radius:10px\">ASSINAR PLANO<\/a>\r\n\t\t\t\t<\/div>[\/vc_column][\/vc_row][vc_row full_width=&#8221;stretch_row&#8221; css=&#8221;.vc_custom_1761739946547{padding-top: 60px !important;padding-bottom: 50px !important;background-position: center !important;background-repeat: no-repeat !important;background-size: cover !important;}&#8221; el_id=&#8221;image-section&#8221;][vc_column]<div style=\"margin:0px 0px 20px 0px;\" class=\"special-heading space-x\">\r\n\t\t\t\t\t<h1 class=\"main-heading\" style=\"font-size:45px; font-weight:500; line-height:55px; text-align:center; text-transform:uppercase; color:#333333;\">Contacta-nos<\/h1>\r\n\t\t\t\t\t\r\n\t\t\t\t\t\r\n\t\t\t\t<\/div>\n<div class=\"wpcf7 no-js\" id=\"wpcf7-f2186-o1\" lang=\"en-US\" dir=\"ltr\" data-wpcf7-id=\"2186\">\n<div class=\"screen-reader-response\"><p role=\"status\" aria-live=\"polite\" aria-atomic=\"true\"><\/p> <ul><\/ul><\/div>\n<form action=\"\/index.php?rest_route=%2Fwp%2Fv2%2Fpages%2F484#wpcf7-f2186-o1\" method=\"post\" class=\"wpcf7-form init\" aria-label=\"Contact form\" novalidate=\"novalidate\" data-status=\"init\">\n<fieldset class=\"hidden-fields-container\"><input type=\"hidden\" name=\"_wpcf7\" value=\"2186\" \/><input type=\"hidden\" name=\"_wpcf7_version\" value=\"6.1.2\" \/><input type=\"hidden\" name=\"_wpcf7_locale\" value=\"en_US\" \/><input type=\"hidden\" name=\"_wpcf7_unit_tag\" value=\"wpcf7-f2186-o1\" \/><input type=\"hidden\" name=\"_wpcf7_container_post\" value=\"0\" \/><input type=\"hidden\" name=\"_wpcf7_posted_data_hash\" value=\"\" \/>\n<\/fieldset>\n<p class=\"left_field\"><br \/>\n<span class=\"wpcf7-form-control-wrap\" data-name=\"text-819\"><input size=\"40\" maxlength=\"400\" class=\"wpcf7-form-control wpcf7-text\" aria-invalid=\"false\" placeholder=\"Nome*\" value=\"\" type=\"text\" name=\"text-819\" \/><\/span>\n<\/p>\n<p class=\"right_field\"><br \/>\n<span class=\"wpcf7-form-control-wrap\" data-name=\"email-958\"><input size=\"40\" maxlength=\"400\" class=\"wpcf7-form-control wpcf7-email wpcf7-text wpcf7-validates-as-email\" aria-invalid=\"false\" placeholder=\"Email*\" value=\"\" type=\"email\" name=\"email-958\" \/><\/span>\n<\/p>\n<p class=\"left_field\"><br \/>\n<span class=\"wpcf7-form-control-wrap\" data-name=\"tel-766\"><input size=\"40\" maxlength=\"400\" class=\"wpcf7-form-control wpcf7-tel wpcf7-text wpcf7-validates-as-tel\" aria-invalid=\"false\" placeholder=\"N\u00famero de telefone*\" value=\"\" type=\"tel\" name=\"tel-766\" \/><\/span>\n<\/p>\n<p class=\"right_field\"><br \/>\n<span class=\"wpcf7-form-control-wrap\" data-name=\"text-819\"><input size=\"40\" maxlength=\"400\" class=\"wpcf7-form-control wpcf7-text\" aria-invalid=\"false\" placeholder=\"Assunto\" value=\"\" type=\"text\" name=\"text-819\" \/><\/span>\n<\/p>\n<p class=\"message_field\"><br \/>\n<span class=\"wpcf7-form-control-wrap\" data-name=\"textarea-680\"><textarea cols=\"40\" rows=\"10\" maxlength=\"2000\" class=\"wpcf7-form-control wpcf7-textarea wpcf7-validates-as-required\" aria-required=\"true\" aria-invalid=\"false\" placeholder=\"A sua mensagem\" name=\"textarea-680\"><\/textarea><\/span>\n<\/p>\n<p><input class=\"wpcf7-form-control wpcf7-submit has-spinner\" type=\"submit\" value=\"Enviar\" \/>\n<\/p><div class=\"wpcf7-response-output\" aria-hidden=\"true\"><\/div>\n<\/form>\n<\/div>\n[\/vc_column][\/vc_row][vc_row disable_element=&#8221;yes&#8221;][vc_column]<div style=\"margin:0px 0px 50px 0px;\" class=\"special-heading space-x\">\r\n\t\t\t\t\t<h1 class=\"main-heading\" style=\"font-size:45px; font-weight:500; line-height:55px; text-align:center; text-transform:uppercase; color:#333333;\">O que dizem os nossos clientes<\/h1>\r\n\t\t\t\t\t\r\n\t\t\t\t\t\r\n\t\t\t\t<\/div><div class=\"testimonials\"><div style=\"background-color:#ece8de; border-color:#bf9456\" class=\"content\"><i style=\"color:#cbc4b1;\" class=\"fa fa-quote-left\"><\/i><p style=\"color:#474747;\">Aores autem accusamus magni doloribus nostrum tenetur dicta eveniet soluta voluptates inventore. Aesum dolorum fugiat veritatis libero explicabo obcaecati voluptate obstr accusantium incidunt cumque alias optio voluptatem.<\/p><h4 style=\"color:#333;\">Charles Juarez<\/h4><\/div><div style=\"background-color:#ece8de; border-color:#bf9456\" class=\"content\"><i style=\"color:#cbc4b1;\" class=\"fa fa-quote-left\"><\/i><p style=\"color:#474747;\">Qores autem accusamus magni doloribus nostrum tenetur dicta eveniet soluta voluptates inventore. Aesum dolorum fugiat veritatis libero explicabo obcaecati voluptate obstr accusantium incidunt cumque alias optio voluptatem.<\/p><h4 style=\"color:#333;\">Freddie Morris<\/h4><\/div><div style=\"background-color:#ece8de; border-color:#bf9456\" class=\"content\"><i style=\"color:#cbc4b1;\" class=\"fa fa-quote-left\"><\/i><p style=\"color:#474747;\">Aores autem accusamus magni doloribus nostrum tenetur dicta eveniet soluta voluptates inventore. Aesum dolorum fugiat veritatis libero explicabo obcaecati voluptate obstr accusantium incidunt cumque alias optio voluptatem.<\/p><h4 style=\"color:#333;\">Charles Juarez<\/h4><\/div><div style=\"background-color:#ece8de; border-color:#bf9456\" class=\"content\"><i style=\"color:#cbc4b1;\" class=\"fa fa-quote-left\"><\/i><p style=\"color:#474747;\">Mores autem accusamus magni doloribus nostrum tenetur dicta eveniet soluta voluptates inventore. Aesum dolorum fugiat veritatis libero explicabo obcaecati voluptate obstr accusantium incidunt cumque alias optio voluptatem.<\/p><h4 style=\"color:#333;\">Freddie Morris<\/h4><\/div><\/div>[\/vc_column][\/vc_row][vc_row full_width=&#8221;stretch_row&#8221; gap=&#8221;20&#8243; css=&#8221;.vc_custom_1761738072478{padding-top: 70px !important;padding-bottom: 70px !important;background: #c9c9c9 url(http:\/\/envolvefitness.com\/wp-content\/uploads\/2025\/10\/WhatsApp-Image-2025-10-29-at-11.38.50.jpeg?id=4406) !important;background-position: center !important;background-repeat: no-repeat !important;background-size: cover !important;}&#8221;][vc_column]<div style=\"margin:0px 0px 40px 0px;\" class=\"special-heading space-x\">\r\n\t\t\t\t\t<h1 class=\"main-heading\" style=\"font-size:40px; font-weight:500; line-height:45px; text-align:center; text-transform:uppercase; color:#ffffff;\">Hor\u00e1rio<\/h1>\r\n\t\t\t\t\t\r\n\t\t\t\t\t\r\n\t\t\t\t<\/div><div style=\"margin:0px 0px 0px 0px;\" class=\"special-heading space-x\">\r\n\t\t\t\t\t<h1 class=\"main-heading\" style=\"font-size:40px; font-weight:500; line-height:55px; text-align:center; text-transform:uppercase; color:#ffffff;\">liga-nos: 927880455<\/h1>\r\n\t\t\t\t\t\r\n\t\t\t\t\t\r\n\t\t\t\t<\/div>[\/vc_column][vc_column css=&#8221;.vc_custom_1544722049099{padding-top: 15px !important;padding-bottom: 20px !important;}&#8221;]<div class=\"week-hours\">\r\n\t\t\t\t\t<div class=\"container\">\r\n\t\t\t\t\t\t<div class=\"row\">\r\n\t\t\t\t\t\t\t<div class=\"col-lg-2 col-md-2 col-sm-4 col-xs-6\"><div class=\"week-item\" style=\"background-color:rgba(51,51,51,0.9); border-color:#d88e74; border-width:2px; border-radius:10px; \"><h3 style=\"color:#fff\">Segunda<\/h3><p style=\"color:#fff\">7.00 - 21.00<\/p><\/div><\/div>\r\n\t\t\t\t\t\t\t<div class=\"col-lg-2 col-md-2 col-sm-4 col-xs-6\"><div class=\"week-item\" style=\"background-color:rgba(51,51,51,0.9); border-color:#d88e74; border-width:2px; border-radius:10px; \"><h3 style=\"color:#fff\">Ter\u00e7a<\/h3><p style=\"color:#fff\">7.00 - 21.00<\/p><\/div><\/div>\r\n\t\t\t\t\t\t\t<div class=\"col-lg-2 col-md-2 col-sm-4 col-xs-6\"><div class=\"week-item\" style=\"background-color:rgba(51,51,51,0.9); border-color:#d88e74; border-width:2px; border-radius:10px; \"><h3 style=\"color:#fff\">Quarta<\/h3><p style=\"color:#fff\">7.00 - 21.00<\/p><\/div><\/div>\r\n\t\t\t\t\t\t\t<div class=\"col-lg-2 col-md-2 col-sm-4 col-xs-6\"><div class=\"week-item\" style=\"background-color:rgba(51,51,51,0.9); border-color:#d88e74; border-width:2px; border-radius:10px; \"><h3 style=\"color:#fff\">Quinta<\/h3><p style=\"color:#fff\">7.00 - 21.00<\/p><\/div><\/div>\r\n\t\t\t\t\t\t\t<div class=\"col-lg-2 col-md-2 col-sm-4 col-xs-6\"><div class=\"week-item\" style=\"background-color:rgba(51,51,51,0.9); border-color:#d88e74; border-width:2px; border-radius:10px; \"><h3 style=\"color:#fff\">Sexta<\/h3><p style=\"color:#fff\">7.00 - 21.00<\/p><\/div><\/div>\r\n\t\t\t\t\t\t\t<div class=\"col-lg-2 col-md-2 col-sm-4 col-xs-6\"><div class=\"week-item\" style=\"background-color:rgba(51,51,51,0.9); border-color:#d88e74; border-width:2px; border-radius:10px; \"><h3 style=\"color:#fff\">S\u00e1bado<\/h3><p style=\"color:#fff\">8.00 - 18.00<\/p><\/div><\/div>\r\n\t\t\t\t\t\t<\/div>\r\n\t\t\t\t\t<\/div>\r\n\t\t\t\t<\/div>[\/vc_column][vc_column css=&#8221;.vc_custom_1544722041357{padding-top: 0px !important;}&#8221;]<div style=\"margin:5px 0px 30px 0px;\" class=\"special-heading space-x\">\r\n\t\t\t\t\t<h1 class=\"main-heading\" style=\"font-size:35px; font-weight:500; line-height:55px; text-align:center; text-transform:uppercase; color:#ffffff;\">Domingo : Fechado<\/h1>\r\n\t\t\t\t\t\r\n\t\t\t\t\t\r\n\t\t\t\t<\/div>[\/vc_column][\/vc_row]<\/p>\n<\/div>","protected":false},"excerpt":{"rendered":"<p>[vc_row full_width=&#8221;stretch_row&#8221; equal_height=&#8221;yes&#8221; content_placement=&#8221;middle&#8221; css=&#8221;.vc_custom_1548190149442{padding-top: 40px !important;padding-bottom: 75px !important;background-position: center !important;background-repeat: no-repeat !important;background-size: contain !important;}&#8221;][vc_column][vc_row_inner css=&#8221;.vc_custom_1761730100645{margin-top: 40px !important;}&#8221;][vc_column_inner width=&#8221;1\/3&#8243;][\/vc_column_inner][vc_column_inner width=&#8221;1\/3&#8243;][\/vc_column_inner][vc_column_inner width=&#8221;1\/3&#8243;][\/vc_column_inner][\/vc_row_inner][\/vc_column][\/vc_row][vc_row full_width=&#8221;stretch_row&#8221; gap=&#8221;15&#8243; equal_height=&#8221;yes&#8221; css=&#8221;.vc_custom_1761844036478{margin-right: 10px !important;margin-left: 10px !important;padding-top: 70px !important;padding-bottom: 100px !important;background: rgba(37,37,37,0.8) url(http:\/\/envolvefitness.com\/wp-content\/uploads\/2025\/10\/WhatsApp-Image-2025-10-29-at-11.38.50.jpeg?id=4406) !important;background-position: center !important;background-repeat: no-repeat !important;background-size: cover !important;*background-color: rgb(37,37,37) !important;}&#8221; el_id=&#8221;nossos-planos&#8221;][vc_column][\/vc_column][vc_column width=&#8221;1\/4&#8243; css=&#8221;.vc_custom_1761737936468{border-top-width: 3px !important;border-right-width: 3px [&hellip;]<\/p>\n","protected":false},"author":1,"featured_media":0,"parent":0,"menu_order":0,"comment_status":"closed","ping_status":"closed","template":"","meta":{"footnotes":""},"class_list":["post-484","page","type-page","status-publish","hentry"],"_links":{"self":[{"href":"https:\/\/envolvefitness.com\/index.php?rest_route=\/wp\/v2\/pages\/484","targetHints":{"allow":["GET"]}}],"collection":[{"href":"https:\/\/envolvefitness.com\/index.php?rest_route=\/wp\/v2\/pages"}],"about":[{"href":"https:\/\/envolvefitness.com\/index.php?rest_route=\/wp\/v2\/types\/page"}],"author":[{"embeddable":true,"href":"https:\/\/envolvefitness.com\/index.php?rest_route=\/wp\/v2\/users\/1"}],"replies":[{"embeddable":true,"href":"https:\/\/envolvefitness.com\/index.php?rest_route=%2Fwp%2Fv2%2Fcomments&post=484"}],"version-history":[{"count":87,"href":"https:\/\/envolvefitness.com\/index.php?rest_route=\/wp\/v2\/pages\/484\/revisions"}],"predecessor-version":[{"id":4433,"href":"https:\/\/envolvefitness.com\/index.php?rest_route=\/wp\/v2\/pages\/484\/revisions\/4433"}],"wp:attachment":[{"href":"https:\/\/envolvefitness.com\/index.php?rest_route=%2Fwp%2Fv2%2Fmedia&parent=484"}],"curies":[{"name":"wp","href":"https:\/\/api.w.org\/{rel}","templated":true}]}}